{"id":1575,"date":"2023-11-24T10:41:44","date_gmt":"2023-11-24T09:41:44","guid":{"rendered":"https:\/\/bergmuehle-flensburg.com\/?post_type=product&#038;p=1575"},"modified":"2023-11-24T11:32:03","modified_gmt":"2023-11-24T10:32:03","slug":"bergmuehlenhonig","status":"publish","type":"product","link":"https:\/\/bergmuehle-flensburg.com\/?product=bergmuehlenhonig","title":{"rendered":"Bergm\u00fchlenhonig"},"content":{"rendered":"<p>Die zwei Bienenv\u00f6lker der Bergm\u00fchle, die im Garten der M\u00fchle platziert sind, waren sehr flei\u00dfig und haben reichlich und leckeren Honig produziert. So lange der Vorrat reicht, kann im M\u00fchlenladen der Bergm\u00fchlenhonig gekauft werden. Die leeren Gl\u00e4ser werden gern ausgewaschen zur\u00fcckgenommen.<\/p>\n","protected":false},"excerpt":{"rendered":"<p>Die zwei Bienenv\u00f6lker der Bergm\u00fchle, die im Garten der M\u00fchle platziert sind, waren sehr flei\u00dfig und haben reichlich und leckeren Honig produziert. So lange der Vorrat reicht, kann im M\u00fchlenladen der Bergm\u00fchlenhonig gekauft werden. Die leeren Gl\u00e4ser werden gern ausgewaschen zur\u00fcckgenommen.<\/p>\n","protected":false},"featured_media":1493,"template":"","meta":{"ngg_post_thumbnail":0},"product_cat":[66],"product_tag":[],"featured_image_urls":{"full":["https:\/\/bergmuehle-flensburg.com\/wp-content\/uploads\/2023\/11\/bm_muehlenhonig.jpg",720,720,false],"thumbnail":["https:\/\/bergmuehle-flensburg.com\/wp-content\/uploads\/2023\/11\/bm_muehlenhonig-150x150.jpg",150,150,true],"medium":["https:\/\/bergmuehle-flensburg.com\/wp-content\/uploads\/2023\/11\/bm_muehlenhonig-300x300.jpg",300,300,true],"medium_large":["https:\/\/bergmuehle-flensburg.com\/wp-content\/uploads\/2023\/11\/bm_muehlenhonig.jpg",720,720,false],"large":["https:\/\/bergmuehle-flensburg.com\/wp-content\/uploads\/2023\/11\/bm_muehlenhonig-700x700.jpg",700,700,true],"1536x1536":["https:\/\/bergmuehle-flensburg.com\/wp-content\/uploads\/2023\/11\/bm_muehlenhonig.jpg",720,720,false],"2048x2048":["https:\/\/bergmuehle-flensburg.com\/wp-content\/uploads\/2023\/11\/bm_muehlenhonig.jpg",720,720,false],"woocommerce_thumbnail":["https:\/\/bergmuehle-flensburg.com\/wp-content\/uploads\/2023\/11\/bm_muehlenhonig-300x300.jpg",300,300,true],"woocommerce_single":["https:\/\/bergmuehle-flensburg.com\/wp-content\/uploads\/2023\/11\/bm_muehlenhonig-600x600.jpg",600,600,true],"woocommerce_gallery_thumbnail":["https:\/\/bergmuehle-flensburg.com\/wp-content\/uploads\/2023\/11\/bm_muehlenhonig-100x100.jpg",100,100,true]},"post_excerpt_stackable":"<p>Die zwei Bienenv\u00f6lker der Bergm\u00fchle, die im Garten der M\u00fchle platziert sind, waren sehr flei\u00dfig und haben reichlich und leckeren Honig produziert. So lange der Vorrat reicht, kann im M\u00fchlenladen der Bergm\u00fchlenhonig gekauft werden. Die leeren Gl\u00e4ser werden gern ausgewaschen zur\u00fcckgenommen.<\/p>\n","category_list":"","author_info":{"name":"","url":""},"comments_num":"0 comments","_links":{"self":[{"href":"https:\/\/bergmuehle-flensburg.com\/index.php?rest_route=\/wp\/v2\/product\/1575"}],"collection":[{"href":"https:\/\/bergmuehle-flensburg.com\/index.php?rest_route=\/wp\/v2\/product"}],"about":[{"href":"https:\/\/bergmuehle-flensburg.com\/index.php?rest_route=\/wp\/v2\/types\/product"}],"wp:featuredmedia":[{"embeddable":true,"href":"https:\/\/bergmuehle-flensburg.com\/index.php?rest_route=\/wp\/v2\/media\/1493"}],"wp:attachment":[{"href":"https:\/\/bergmuehle-flensburg.com\/index.php?rest_route=%2Fwp%2Fv2%2Fmedia&parent=1575"}],"wp:term":[{"taxonomy":"product_cat","embeddable":true,"href":"https:\/\/bergmuehle-flensburg.com\/index.php?rest_route=%2Fwp%2Fv2%2Fproduct_cat&post=1575"},{"taxonomy":"product_tag","embeddable":true,"href":"https:\/\/bergmuehle-flensburg.com\/index.php?rest_route=%2Fwp%2Fv2%2Fproduct_tag&post=1575"}],"curies":[{"name":"wp","href":"https:\/\/api.w.org\/{rel}","templated":true}]}}