{"id":633,"date":"2013-05-31T11:57:37","date_gmt":"2013-05-31T11:57:37","guid":{"rendered":"http:\/\/us-themes.com\/wp\/Vittoria\/?page_id=12"},"modified":"2025-08-12T11:41:40","modified_gmt":"2025-08-12T10:41:40","slug":"about","status":"publish","type":"page","link":"https:\/\/bergmuehle-flensburg.com\/?page_id=633","title":{"rendered":"\u00dcber Uns"},"content":{"rendered":"\n<h2 class=\"wp-block-heading\">DER VORSTAND<\/h2>\n\n\n\n<p>Der Verein zur Erhaltung der Bergm\u00fchle e.V. wurde im November 1981 von zun\u00e4chst rund 30 Flensburgerinnen und Flensburgern gegr\u00fcndet. Inzwischen hat er ca. 270 Mitglieder.<\/p>\n\n\n\n<p>Zweck des Vereins ist die Wiederherstellung der Funktionsf\u00e4higkeit der 1792 erbauten Getreidem\u00fchle und ihre Erhaltung f\u00fcr k\u00fcnftige Generationen. Ersteres war in Jahren harter Arbeit schon 1994 gelungen und ist eine st\u00e4ndige Aufgabe. Zu Pfingsten 2022 ist dies nach jahrelanger Arbeit gelungen und bleibt eine st\u00e4ndige Herausforderung.<\/p>\n\n\n\n<p>Sie sind herzlich Willkommen. Donnerstags treffen wir uns zum Kl\u00f6nschnack bei Kaffee und Kuchen und wechselnden Vortr\u00e4gen von Dr. Claus Streichert \u00fcber die Geschichte des Flensburger Nordens!<\/p>\n\n\n\n<div class=\"wp-block-media-text alignwide is-stacked-on-mobile has-palette-color-7-background-color has-background\" style=\"grid-template-columns:25% auto\"><figure class=\"wp-block-media-text__media\"><img loading=\"lazy\" decoding=\"async\" width=\"903\" height=\"1355\" src=\"https:\/\/bergmuehle-flensburg.com\/wp-content\/uploads\/2022\/12\/N22_1275.jpg\" alt=\"\" class=\"wp-image-1419 size-full\" srcset=\"https:\/\/bergmuehle-flensburg.com\/wp-content\/uploads\/2022\/12\/N22_1275.jpg 903w, https:\/\/bergmuehle-flensburg.com\/wp-content\/uploads\/2022\/12\/N22_1275-300x450.jpg 300w, https:\/\/bergmuehle-flensburg.com\/wp-content\/uploads\/2022\/12\/N22_1275-600x900.jpg 600w, https:\/\/bergmuehle-flensburg.com\/wp-content\/uploads\/2022\/12\/N22_1275-200x300.jpg 200w, https:\/\/bergmuehle-flensburg.com\/wp-content\/uploads\/2022\/12\/N22_1275-700x1050.jpg 700w, https:\/\/bergmuehle-flensburg.com\/wp-content\/uploads\/2022\/12\/N22_1275-768x1152.jpg 768w\" sizes=\"(max-width: 903px) 100vw, 903px\" \/><\/figure><div class=\"wp-block-media-text__content\">\n<h1 class=\"wp-block-heading has-text-align-left\"><strong>Norbert Schug<\/strong><\/h1>\n\n\n\n<p class=\"has-text-align-left\"><strong>Vorsitzender <\/strong> <br>Mobil: 0157-51652625<br>info@bergmuehle-flensburg.com<\/p>\n<\/div><\/div>\n\n\n\n<div class=\"wp-block-media-text alignwide is-stacked-on-mobile has-palette-color-7-background-color has-background\" style=\"grid-template-columns:25% auto\"><figure class=\"wp-block-media-text__media\"><img loading=\"lazy\" decoding=\"async\" width=\"250\" height=\"250\" src=\"https:\/\/bergmuehle-flensburg.com\/wp-content\/uploads\/2019\/10\/cropped-bm_muehle_fb-1.png\" alt=\"\" class=\"wp-image-1133 size-full\" srcset=\"https:\/\/bergmuehle-flensburg.com\/wp-content\/uploads\/2019\/10\/cropped-bm_muehle_fb-1.png 250w, https:\/\/bergmuehle-flensburg.com\/wp-content\/uploads\/2019\/10\/cropped-bm_muehle_fb-1-100x100.png 100w, https:\/\/bergmuehle-flensburg.com\/wp-content\/uploads\/2019\/10\/cropped-bm_muehle_fb-1-150x150.png 150w\" sizes=\"(max-width: 250px) 100vw, 250px\" \/><\/figure><div class=\"wp-block-media-text__content\">\n<h1 class=\"wp-block-heading has-text-align-left\"><strong>Kirsten Lorenzen<\/strong><\/h1>\n\n\n\n<p class=\"has-text-align-left\"><strong>2. Vorsitzende<\/strong><br>Tel.: 0461-9096291&nbsp;<br>lorenzen@bergmuehle-flensburg.com<\/p>\n<\/div><\/div>\n\n\n\n<div class=\"wp-block-media-text alignwide is-stacked-on-mobile has-palette-color-7-background-color has-background\" style=\"grid-template-columns:25% auto\"><figure class=\"wp-block-media-text__media\"><img loading=\"lazy\" decoding=\"async\" width=\"512\" height=\"512\" src=\"https:\/\/bergmuehle-flensburg.com\/wp-content\/uploads\/2019\/10\/cropped-bm_muehle_fb.png\" alt=\"\" class=\"wp-image-1131 size-full\" srcset=\"https:\/\/bergmuehle-flensburg.com\/wp-content\/uploads\/2019\/10\/cropped-bm_muehle_fb.png 512w, https:\/\/bergmuehle-flensburg.com\/wp-content\/uploads\/2019\/10\/cropped-bm_muehle_fb-150x150.png 150w, https:\/\/bergmuehle-flensburg.com\/wp-content\/uploads\/2019\/10\/cropped-bm_muehle_fb-300x300.png 300w, https:\/\/bergmuehle-flensburg.com\/wp-content\/uploads\/2019\/10\/cropped-bm_muehle_fb-410x410.png 410w, https:\/\/bergmuehle-flensburg.com\/wp-content\/uploads\/2019\/10\/cropped-bm_muehle_fb-100x100.png 100w, https:\/\/bergmuehle-flensburg.com\/wp-content\/uploads\/2019\/10\/cropped-bm_muehle_fb-275x275.png 275w, https:\/\/bergmuehle-flensburg.com\/wp-content\/uploads\/2019\/10\/cropped-bm_muehle_fb-270x270.png 270w, https:\/\/bergmuehle-flensburg.com\/wp-content\/uploads\/2019\/10\/cropped-bm_muehle_fb-192x192.png 192w, https:\/\/bergmuehle-flensburg.com\/wp-content\/uploads\/2019\/10\/cropped-bm_muehle_fb-180x180.png 180w, https:\/\/bergmuehle-flensburg.com\/wp-content\/uploads\/2019\/10\/cropped-bm_muehle_fb-32x32.png 32w\" sizes=\"(max-width: 512px) 100vw, 512px\" \/><\/figure><div class=\"wp-block-media-text__content\">\n<h1 class=\"wp-block-heading has-text-align-left\"><strong>Arne Mori\u00dfe<\/strong><\/h1>\n\n\n\n<p class=\"has-text-align-left\"><strong>Kassenwart<\/strong><br><\/p>\n<\/div><\/div>\n\n\n\n<div class=\"wp-block-media-text alignwide is-stacked-on-mobile has-palette-color-7-background-color has-background\" style=\"grid-template-columns:25% auto\"><figure class=\"wp-block-media-text__media\"><img loading=\"lazy\" decoding=\"async\" width=\"250\" height=\"250\" src=\"https:\/\/bergmuehle-flensburg.com\/wp-content\/uploads\/2019\/10\/cropped-bm_muehle_fb-1.png\" alt=\"\" class=\"wp-image-1133 size-full\" srcset=\"https:\/\/bergmuehle-flensburg.com\/wp-content\/uploads\/2019\/10\/cropped-bm_muehle_fb-1.png 250w, https:\/\/bergmuehle-flensburg.com\/wp-content\/uploads\/2019\/10\/cropped-bm_muehle_fb-1-100x100.png 100w, https:\/\/bergmuehle-flensburg.com\/wp-content\/uploads\/2019\/10\/cropped-bm_muehle_fb-1-150x150.png 150w\" sizes=\"(max-width: 250px) 100vw, 250px\" \/><\/figure><div class=\"wp-block-media-text__content\">\n<h1 class=\"wp-block-heading has-text-align-left\"><strong>Axel Kohrt<\/strong><\/h1>\n\n\n\n<p class=\"has-text-align-left\"><strong>Beisitzer<\/strong><\/p>\n<\/div><\/div>\n\n\n\n<div class=\"wp-block-media-text alignwide is-stacked-on-mobile has-palette-color-7-background-color has-background\" style=\"grid-template-columns:25% auto\"><figure class=\"wp-block-media-text__media\"><img loading=\"lazy\" decoding=\"async\" width=\"700\" height=\"1050\" src=\"https:\/\/bergmuehle-flensburg.com\/wp-content\/uploads\/2022\/12\/N22_1260-700x1050.jpg\" alt=\"\" class=\"wp-image-1417 size-full\" srcset=\"https:\/\/bergmuehle-flensburg.com\/wp-content\/uploads\/2022\/12\/N22_1260-700x1050.jpg 700w, https:\/\/bergmuehle-flensburg.com\/wp-content\/uploads\/2022\/12\/N22_1260-300x450.jpg 300w, https:\/\/bergmuehle-flensburg.com\/wp-content\/uploads\/2022\/12\/N22_1260-600x900.jpg 600w, https:\/\/bergmuehle-flensburg.com\/wp-content\/uploads\/2022\/12\/N22_1260-200x300.jpg 200w, https:\/\/bergmuehle-flensburg.com\/wp-content\/uploads\/2022\/12\/N22_1260-768x1152.jpg 768w, https:\/\/bergmuehle-flensburg.com\/wp-content\/uploads\/2022\/12\/N22_1260.jpg 804w\" sizes=\"(max-width: 700px) 100vw, 700px\" \/><\/figure><div class=\"wp-block-media-text__content\">\n<h1 class=\"wp-block-heading has-text-align-left\"><strong><strong><strong>Siegmar Timm<\/strong><\/strong><\/strong><\/h1>\n\n\n\n<p class=\"has-text-align-left\"><strong><strong><strong>Beisitzer<\/strong><br><\/strong><\/strong>Luisenstra\u00dfe 6c<br>Tel.: 0461-42431<\/p>\n<\/div><\/div>\n\n\n\n<div class=\"wp-block-media-text alignwide is-stacked-on-mobile has-palette-color-7-background-color has-background\" style=\"grid-template-columns:25% auto\"><figure class=\"wp-block-media-text__media\"><img loading=\"lazy\" decoding=\"async\" width=\"700\" height=\"1050\" src=\"https:\/\/bergmuehle-flensburg.com\/wp-content\/uploads\/2022\/12\/N22_1251-700x1050.jpg\" alt=\"\" class=\"wp-image-1418 size-full\" srcset=\"https:\/\/bergmuehle-flensburg.com\/wp-content\/uploads\/2022\/12\/N22_1251-700x1050.jpg 700w, https:\/\/bergmuehle-flensburg.com\/wp-content\/uploads\/2022\/12\/N22_1251-300x450.jpg 300w, https:\/\/bergmuehle-flensburg.com\/wp-content\/uploads\/2022\/12\/N22_1251-600x900.jpg 600w, https:\/\/bergmuehle-flensburg.com\/wp-content\/uploads\/2022\/12\/N22_1251-200x300.jpg 200w, https:\/\/bergmuehle-flensburg.com\/wp-content\/uploads\/2022\/12\/N22_1251-768x1152.jpg 768w, https:\/\/bergmuehle-flensburg.com\/wp-content\/uploads\/2022\/12\/N22_1251-1024x1536.jpg 1024w, https:\/\/bergmuehle-flensburg.com\/wp-content\/uploads\/2022\/12\/N22_1251.jpg 1041w\" sizes=\"(max-width: 700px) 100vw, 700px\" \/><\/figure><div class=\"wp-block-media-text__content\">\n<h1 class=\"wp-block-heading has-text-align-left\"><strong><strong><strong><strong><strong><strong><strong>Gisela Beuse<\/strong><\/strong><\/strong><\/strong><\/strong><\/strong><\/strong><\/h1>\n\n\n\n<p class=\"has-text-align-left\"><strong><strong><strong>Beisitzer<\/strong>in<br><\/strong><\/strong>Tel.: 0461-46216<br>gbeuse@gmx.de<\/p>\n<\/div><\/div>\n\n\n\n<h1 class=\"wp-block-heading has-text-align-center\"><strong>Satzung des Vereins<\/strong><\/h1>\n\n\n\n<div class=\"wp-block-file aligncenter\"><a id=\"wp-block-file--media-799f02ba-62cf-47b4-bf3c-e4924d0b8d09\" href=\"http:\/\/bergmuehle-flensburg.com\/wp-content\/uploads\/2021\/03\/Satzung-Verein-zur-Erhaltung-der-Bergmuehle-e.-V-02.2021.pdf\" target=\"_blank\" rel=\"noreferrer noopener\">Satzung &#8211; Verein zur Erhaltung der Bergm\u00fchle e. V 02.2021<\/a><a href=\"http:\/\/bergmuehle-flensburg.com\/wp-content\/uploads\/2021\/03\/Satzung-Verein-zur-Erhaltung-der-Bergmuehle-e.-V-02.2021.pdf\" class=\"wp-block-file__button wp-element-button\" download aria-describedby=\"wp-block-file--media-799f02ba-62cf-47b4-bf3c-e4924d0b8d09\">Herunterladen<\/a><\/div>\n","protected":false},"excerpt":{"rendered":"<p>DER VORSTAND Der Verein zur Erhaltung der Bergm\u00fchle e.V. wurde im November 1981 von zun\u00e4chst rund 30 Flensburgerinnen und Flensburgern gegr\u00fcndet. Inzwischen hat er ca. 270 Mitglieder. Zweck des Vereins ist die Wiederherstellung der Funktionsf\u00e4higkeit der 1792 erbauten Getreidem\u00fchle und ihre Erhaltung f\u00fcr k\u00fcnftige Generationen. Ersteres war in Jahren harter Arbeit schon 1994 gelungen und ist eine st\u00e4ndige Aufgabe. Zu Pfingsten 2022 ist dies nach jahrelanger Arbeit gelungen und bleibt eine st\u00e4ndige Herausforderung. Sie sind herzlich Willkommen. Donnerstags treffen wir uns zum Kl\u00f6nschnack bei Kaffee und Kuchen und wechselnden Vortr\u00e4gen von Dr. Claus Streichert \u00fcber die Geschichte des Flensburger Nordens!\u2026<\/p>\n","protected":false},"author":2,"featured_media":0,"parent":0,"menu_order":0,"comment_status":"closed","ping_status":"closed","template":"","meta":{"ngg_post_thumbnail":0,"footnotes":""},"blocksy_meta":{"styles_descriptor":{"styles":{"desktop":"","tablet":"","mobile":""},"google_fonts":[],"version":5}},"featured_image_urls":{"full":"","thumbnail":"","medium":"","medium_large":"","large":"","1536x1536":"","2048x2048":"","woocommerce_thumbnail":"","woocommerce_single":"","woocommerce_gallery_thumbnail":""},"post_excerpt_stackable":"<p>DER VORSTAND Der Verein zur Erhaltung der Bergm\u00fchle e.V. wurde im November 1981 von zun\u00e4chst rund 30 Flensburgerinnen und Flensburgern gegr\u00fcndet. Inzwischen hat er ca. 270 Mitglieder. Zweck des Vereins ist die Wiederherstellung der Funktionsf\u00e4higkeit der 1792 erbauten Getreidem\u00fchle und ihre Erhaltung f\u00fcr k\u00fcnftige Generationen. Ersteres war in Jahren harter Arbeit schon 1994 gelungen und ist eine st\u00e4ndige Aufgabe. Zu Pfingsten 2022 ist dies nach jahrelanger Arbeit gelungen und bleibt eine st\u00e4ndige Herausforderung. Sie sind herzlich Willkommen. Donnerstags treffen wir uns zum Kl\u00f6nschnack bei Kaffee und Kuchen und wechselnden Vortr\u00e4gen von Dr. Claus Streichert \u00fcber die Geschichte des Flensburger Nordens!&hellip;<\/p>\n","category_list":"","author_info":{"name":"Webmaster","url":"https:\/\/bergmuehle-flensburg.com\/?author=2"},"comments_num":"0 comments","_links":{"self":[{"href":"https:\/\/bergmuehle-flensburg.com\/index.php?rest_route=\/wp\/v2\/pages\/633"}],"collection":[{"href":"https:\/\/bergmuehle-flensburg.com\/index.php?rest_route=\/wp\/v2\/pages"}],"about":[{"href":"https:\/\/bergmuehle-flensburg.com\/index.php?rest_route=\/wp\/v2\/types\/page"}],"author":[{"embeddable":true,"href":"https:\/\/bergmuehle-flensburg.com\/index.php?rest_route=\/wp\/v2\/users\/2"}],"replies":[{"embeddable":true,"href":"https:\/\/bergmuehle-flensburg.com\/index.php?rest_route=%2Fwp%2Fv2%2Fcomments&post=633"}],"version-history":[{"count":44,"href":"https:\/\/bergmuehle-flensburg.com\/index.php?rest_route=\/wp\/v2\/pages\/633\/revisions"}],"predecessor-version":[{"id":1769,"href":"https:\/\/bergmuehle-flensburg.com\/index.php?rest_route=\/wp\/v2\/pages\/633\/revisions\/1769"}],"wp:attachment":[{"href":"https:\/\/bergmuehle-flensburg.com\/index.php?rest_route=%2Fwp%2Fv2%2Fmedia&parent=633"}],"curies":[{"name":"wp","href":"https:\/\/api.w.org\/{rel}","templated":true}]}}