{"id":632,"date":"2013-05-31T11:56:39","date_gmt":"2013-05-31T11:56:39","guid":{"rendered":"http:\/\/us-themes.com\/wp\/Vittoria\/?page_id=9"},"modified":"2024-02-27T12:35:04","modified_gmt":"2024-02-27T11:35:04","slug":"contact","status":"publish","type":"page","link":"https:\/\/bergmuehle-flensburg.com\/?page_id=632","title":{"rendered":"Kontakt"},"content":{"rendered":"\n<div class=\"wp-block-stackable-map stk-block-map stk-block stk-ce2df1f\" data-block-id=\"ce2df1f\"><style>.stk-ce2df1f .stk-block-map__canvas,.stk-ce2df1f iframe{height:500px !important}<\/style><iframe\n\t\t\t\t\t\ttitle=\"Embedded content from Google Maps Platform.\"\n\t\t\t\t\t\tsrc=\"https:\/\/maps.google.com\/maps?q=An der Bergm\u00fchle 7&#038;t=&#038;z=15&#038;ie=UTF8&#038;output=embed\"\n\t\t\t\t\t\tstyle=\"border:0;width:100%;max-width:none;max-height:none;height:100%;\"\n\t\t\t\t\t\taria-hidden=\"false\"\n\t\t\t\t\t\ttabIndex=\"0\"\n\t\t\t\t\t\tallowfullscreen\n\t\t\t\t\t\tloading=\"lazy\"\n\t\t\t\t\t\tframeBorder=\"0\"\n\t\t\t\t\t><\/iframe><\/div>\n\n\n\n<div class=\"wp-block-columns is-layout-flex wp-container-core-columns-layout-1 wp-block-columns-is-layout-flex\">\n<div class=\"wp-block-column is-layout-flow wp-block-column-is-layout-flow\">\n<h2 class=\"wp-block-heading\">Hier finden sie uns<\/h2>\n\n\n\n<p>Verein zur Erhaltung der Bergm\u00fchle e.V.<br>An der Bergm\u00fchle 7<br>24939 Flensburg<br>info@bergmuehle-flensburg.com<\/p>\n<\/div>\n\n\n\n<div class=\"wp-block-column is-layout-flow wp-block-column-is-layout-flow\">\n<h2 class=\"wp-block-heading\">Vermietung des Speichers<\/h2>\n\n\n\n<p>F\u00fcr Vermietungsanfragen kontaktieren Sie bitte:<br>Gerd Petersen: <strong>0461-42389 \/ 0170 5164253<\/strong> oder<br>Uwe\u00a0Koop: <strong>0461-42819 \/ 0157 88176414<\/strong><\/p>\n\n\n\n<p><\/p>\n<\/div>\n<\/div>\n\n\n\n<h2 class=\"wp-block-heading\">F\u00fchrungen in der Bergm\u00fchle<\/h2>\n\n\n\n<p>F\u00fcr Kitas, Schulen, private Gruppen, Einzelpersonen etc. werden F\u00fchrungen in der Bergm\u00fchle angeboten. F\u00fcr Terminanfragen kontaktieren Sie bitte: Ernst Thoma (M\u00fcller der Bergm\u00fchle Flensburg). Tel. <strong>0461-9789962<\/strong> oder Mobil: <strong>0160 96910103<\/strong><\/p>\n\n\n\n<h2 class=\"wp-block-heading\">Wir freuen uns auch \u00fcber eine Spende<\/h2>\n\n\n\n<p>IBAN: DE72 2175 0000 0002 0033 33<\/p>\n\n\n\n<h2 class=\"wp-block-heading\">KONTAKTFORMULAR<\/h2>\n\n\n\n<div class=\"wp-block-contact-form-7-contact-form-selector\">\n<div class=\"wpcf7 no-js\" id=\"wpcf7-f5-o1\" lang=\"de-DE\" dir=\"ltr\">\n<div class=\"screen-reader-response\"><p role=\"status\" aria-live=\"polite\" aria-atomic=\"true\"><\/p> <ul><\/ul><\/div>\n<form action=\"\/index.php?rest_route=%2Fwp%2Fv2%2Fpages%2F632#wpcf7-f5-o1\" method=\"post\" class=\"wpcf7-form init\" aria-label=\"Kontaktformular\" novalidate=\"novalidate\" data-status=\"init\">\n<div style=\"display: none;\">\n<input type=\"hidden\" name=\"_wpcf7\" value=\"5\" \/>\n<input type=\"hidden\" name=\"_wpcf7_version\" value=\"5.7.7\" \/>\n<input type=\"hidden\" name=\"_wpcf7_locale\" value=\"de_DE\" \/>\n<input type=\"hidden\" name=\"_wpcf7_unit_tag\" value=\"wpcf7-f5-o1\" \/>\n<input type=\"hidden\" name=\"_wpcf7_container_post\" value=\"0\" \/>\n<input type=\"hidden\" name=\"_wpcf7_posted_data_hash\" value=\"\" \/>\n<\/div>\n<p>Ihr Name (Pflichtfeld)\n<\/p>\n<p><span class=\"wpcf7-form-control-wrap\" data-name=\"your-name\"><input size=\"40\" class=\"wpcf7-form-control wpcf7-text wpcf7-validates-as-required\" aria-required=\"true\" aria-invalid=\"false\" value=\"\" type=\"text\" name=\"your-name\" \/><\/span>\n<\/p>\n<p>Ihre E-Mail-Adresse (Pflichtfeld)\n<\/p>\n<p><span class=\"wpcf7-form-control-wrap\" data-name=\"your-email\"><input size=\"40\" class=\"wpcf7-form-control wpcf7-text wpcf7-email wpcf7-validates-as-required wpcf7-validates-as-email\" aria-required=\"true\" aria-invalid=\"false\" value=\"\" type=\"email\" name=\"your-email\" \/><\/span>\n<\/p>\n<p>Betreff\n<\/p>\n<p><span class=\"wpcf7-form-control-wrap\" data-name=\"your-subject\"><input size=\"40\" class=\"wpcf7-form-control wpcf7-text\" aria-invalid=\"false\" value=\"\" type=\"text\" name=\"your-subject\" \/><\/span>\n<\/p>\n<p>Ihre Nachricht\n<\/p>\n<p><span class=\"wpcf7-form-control-wrap\" data-name=\"your-message\"><textarea cols=\"40\" rows=\"10\" class=\"wpcf7-form-control wpcf7-textarea\" aria-invalid=\"false\" name=\"your-message\"><\/textarea><\/span>\n<\/p>\n<p><input class=\"wpcf7-form-control has-spinner wpcf7-submit\" type=\"submit\" value=\"Senden\" \/>\n<\/p><div class=\"wpcf7-response-output\" aria-hidden=\"true\"><\/div>\n<\/form>\n<\/div>\n<\/div>\n","protected":false},"excerpt":{"rendered":"<p>Hier finden sie uns Verein zur Erhaltung der Bergm\u00fchle e.V.An der Bergm\u00fchle 724939 Flensburginfo@bergmuehle-flensburg.com Vermietung des Speichers F\u00fcr Vermietungsanfragen kontaktieren Sie bitte:Gerd Petersen: 0461-42389 \/ 0170 5164253 oderUwe\u00a0Koop: 0461-42819 \/ 0157 88176414 F\u00fchrungen in der Bergm\u00fchle F\u00fcr Kitas, Schulen, private Gruppen, Einzelpersonen etc. werden F\u00fchrungen in der Bergm\u00fchle angeboten. F\u00fcr Terminanfragen kontaktieren Sie bitte: Ernst Thoma (M\u00fcller der Bergm\u00fchle Flensburg). Tel. 0461-9789962 oder Mobil: 0160 96910103 Wir freuen uns auch \u00fcber eine Spende IBAN: DE72 2175 0000 0002 0033 33 KONTAKTFORMULAR<\/p>\n","protected":false},"author":2,"featured_media":0,"parent":0,"menu_order":0,"comment_status":"closed","ping_status":"closed","template":"","meta":{"ngg_post_thumbnail":0,"footnotes":""},"blocksy_meta":{"styles_descriptor":{"styles":{"desktop":"","tablet":"","mobile":""},"google_fonts":[],"version":5}},"featured_image_urls":{"full":"","thumbnail":"","medium":"","medium_large":"","large":"","1536x1536":"","2048x2048":"","woocommerce_thumbnail":"","woocommerce_single":"","woocommerce_gallery_thumbnail":""},"post_excerpt_stackable":"<p>Hier finden sie uns Verein zur Erhaltung der Bergm\u00fchle e.V.An der Bergm\u00fchle 724939 Flensburginfo@bergmuehle-flensburg.com Vermietung des Speichers F\u00fcr Vermietungsanfragen kontaktieren Sie bitte:Gerd Petersen: 0461-42389 \/ 0170 5164253 oderUwe\u00a0Koop: 0461-42819 \/ 0157 88176414 F\u00fchrungen in der Bergm\u00fchle F\u00fcr Kitas, Schulen, private Gruppen, Einzelpersonen etc. werden F\u00fchrungen in der Bergm\u00fchle angeboten. F\u00fcr Terminanfragen kontaktieren Sie bitte: Ernst Thoma (M\u00fcller der Bergm\u00fchle Flensburg). Tel. 0461-9789962 oder Mobil: 0160 96910103 Wir freuen uns auch \u00fcber eine Spende IBAN: DE72 2175 0000 0002 0033 33 KONTAKTFORMULAR Ihr Name (Pflichtfeld) Ihre E-Mail-Adresse (Pflichtfeld) Betreff Ihre Nachricht<\/p>\n","category_list":"","author_info":{"name":"Webmaster","url":"https:\/\/bergmuehle-flensburg.com\/?author=2"},"comments_num":"0 comments","_links":{"self":[{"href":"https:\/\/bergmuehle-flensburg.com\/index.php?rest_route=\/wp\/v2\/pages\/632"}],"collection":[{"href":"https:\/\/bergmuehle-flensburg.com\/index.php?rest_route=\/wp\/v2\/pages"}],"about":[{"href":"https:\/\/bergmuehle-flensburg.com\/index.php?rest_route=\/wp\/v2\/types\/page"}],"author":[{"embeddable":true,"href":"https:\/\/bergmuehle-flensburg.com\/index.php?rest_route=\/wp\/v2\/users\/2"}],"replies":[{"embeddable":true,"href":"https:\/\/bergmuehle-flensburg.com\/index.php?rest_route=%2Fwp%2Fv2%2Fcomments&post=632"}],"version-history":[{"count":21,"href":"https:\/\/bergmuehle-flensburg.com\/index.php?rest_route=\/wp\/v2\/pages\/632\/revisions"}],"predecessor-version":[{"id":1670,"href":"https:\/\/bergmuehle-flensburg.com\/index.php?rest_route=\/wp\/v2\/pages\/632\/revisions\/1670"}],"wp:attachment":[{"href":"https:\/\/bergmuehle-flensburg.com\/index.php?rest_route=%2Fwp%2Fv2%2Fmedia&parent=632"}],"curies":[{"name":"wp","href":"https:\/\/api.w.org\/{rel}","templated":true}]}}