{"id":504,"date":"2015-07-14T12:07:16","date_gmt":"2015-07-14T12:07:16","guid":{"rendered":"http:\/\/attractiveservices.co.uk\/se\/flensburg\/?page_id=504"},"modified":"2022-08-07T22:36:34","modified_gmt":"2022-08-07T21:36:34","slug":"trauungen","status":"publish","type":"page","link":"https:\/\/bergmuehle-flensburg.com\/?page_id=504","title":{"rendered":"Trauungen"},"content":{"rendered":"\n<h2 class=\"wp-block-heading\">TRAUUNGEN IN DER BERGM\u00dcHLE<\/h2>\n\n\n\n<figure class=\"wp-block-image\"><img decoding=\"async\" src=\"http:\/\/bergmuehle-flensburg.com\/wp-content\/uploads\/2017\/12\/20090601_Bergmuehle022-1024x683.jpg\" alt=\"\"\/><\/figure>\n\n\n\n<p>In den Sommermonaten (von Mai bis September) ist eine Trauung in der Bergm\u00fchle m\u00f6glich. Die Bergm\u00fchle ist eine der letzten beiden Windm\u00fchlen in Flensburg. 1792 als Gallerieholl\u00e4nder auf einer Anh\u00f6he im Norden der Stadt erbaut, pr\u00e4gt sie das Stadtbild der Flensburger Neustadt. Bis Mitte der F\u00fcnfzigerjahre war die M\u00fchle in Betrieb. Auch heute noch \u2013&nbsp; unter Denkmalschutz stehend \u2013&nbsp; ist sie voll funktionsf\u00e4hig und dreht zu besonderen Anl\u00e4ssen ihre Windm\u00fchlenfl\u00fcgel.<\/p>\n\n\n\n<p>In dem rustikalen Ambiente \u2013 es riecht nach Holz und Getreide \u2013 k\u00f6nnen Sie sich zwischen der Mischmaschine, einer St\u00f6vkist und einem Karren mit Getreide das Ja-Wort geben. Die Niederschrift Ihrer Eheschlie\u00dfung unterschreiben Sie auf einer alten Sackklopfmaschine.<\/p>\n\n\n\n<figure class=\"wp-block-image\"><img decoding=\"async\" src=\"http:\/\/bergmuehle-flensburg.com\/wp-content\/uploads\/2015\/07\/Hochzeitsdekoration_1-216x300.jpg\" alt=\"Hochzeitsdekoration_1\"\/><\/figure>\n\n\n\n<figure class=\"wp-block-image\"><img decoding=\"async\" src=\"http:\/\/bergmuehle-flensburg.com\/wp-content\/uploads\/2015\/07\/Hochzeitsdekoration_2-225x300.jpg\" alt=\"Hochzeitsdekoration_2\"\/><\/figure>\n\n\n\n<figure class=\"wp-block-image\"><img decoding=\"async\" src=\"http:\/\/bergmuehle-flensburg.com\/wp-content\/uploads\/2015\/07\/Hochzeitsdekoration_3-1-225x300.jpg\" alt=\"Hochzeitsdekoration_3 (1)\"\/><\/figure>\n\n\n\n<figure class=\"wp-block-image\"><img decoding=\"async\" src=\"http:\/\/bergmuehle-flensburg.com\/wp-content\/uploads\/2015\/07\/12-300x194.jpg\" alt=\"1\"\/><\/figure>\n\n\n\n<p>\t\t\t\t\t\tZur\u00fcck<br>\n\t\t\t\t\t\tWeiter<\/p>\n","protected":false},"excerpt":{"rendered":"<p>TRAUUNGEN IN DER BERGM\u00dcHLE In den Sommermonaten (von Mai bis September) ist eine Trauung in der Bergm\u00fchle m\u00f6glich. Die Bergm\u00fchle ist eine der letzten beiden Windm\u00fchlen in Flensburg. 1792 als Gallerieholl\u00e4nder auf einer Anh\u00f6he im Norden der Stadt erbaut, pr\u00e4gt sie das Stadtbild der Flensburger Neustadt. Bis Mitte der F\u00fcnfzigerjahre war die M\u00fchle in Betrieb. Auch heute noch \u2013&nbsp; unter Denkmalschutz stehend \u2013&nbsp; ist sie voll funktionsf\u00e4hig und dreht zu besonderen Anl\u00e4ssen ihre Windm\u00fchlenfl\u00fcgel. In dem rustikalen Ambiente \u2013 es riecht nach Holz und Getreide \u2013 k\u00f6nnen Sie sich zwischen der Mischmaschine, einer St\u00f6vkist und einem Karren mit Getreide das\u2026<\/p>\n","protected":false},"author":2,"featured_media":0,"parent":0,"menu_order":0,"comment_status":"closed","ping_status":"closed","template":"","meta":{"ngg_post_thumbnail":0,"footnotes":""},"blocksy_meta":{"styles_descriptor":{"styles":{"desktop":"","tablet":"","mobile":""},"google_fonts":[],"version":5}},"featured_image_urls":{"full":"","thumbnail":"","medium":"","medium_large":"","large":"","1536x1536":"","2048x2048":"","woocommerce_thumbnail":"","woocommerce_single":"","woocommerce_gallery_thumbnail":""},"post_excerpt_stackable":"<p>TRAUUNGEN IN DER BERGM\u00dcHLE In den Sommermonaten (von Mai bis September) ist eine Trauung in der Bergm\u00fchle m\u00f6glich. Die Bergm\u00fchle ist eine der letzten beiden Windm\u00fchlen in Flensburg. 1792 als Gallerieholl\u00e4nder auf einer Anh\u00f6he im Norden der Stadt erbaut, pr\u00e4gt sie das Stadtbild der Flensburger Neustadt. Bis Mitte der F\u00fcnfzigerjahre war die M\u00fchle in Betrieb. Auch heute noch \u2013&nbsp; unter Denkmalschutz stehend \u2013&nbsp; ist sie voll funktionsf\u00e4hig und dreht zu besonderen Anl\u00e4ssen ihre Windm\u00fchlenfl\u00fcgel. In dem rustikalen Ambiente \u2013 es riecht nach Holz und Getreide \u2013 k\u00f6nnen Sie sich zwischen der Mischmaschine, einer St\u00f6vkist und einem Karren mit Getreide das&hellip;<\/p>\n","category_list":"","author_info":{"name":"Webmaster","url":"https:\/\/bergmuehle-flensburg.com\/?author=2"},"comments_num":"0 comments","_links":{"self":[{"href":"https:\/\/bergmuehle-flensburg.com\/index.php?rest_route=\/wp\/v2\/pages\/504"}],"collection":[{"href":"https:\/\/bergmuehle-flensburg.com\/index.php?rest_route=\/wp\/v2\/pages"}],"about":[{"href":"https:\/\/bergmuehle-flensburg.com\/index.php?rest_route=\/wp\/v2\/types\/page"}],"author":[{"embeddable":true,"href":"https:\/\/bergmuehle-flensburg.com\/index.php?rest_route=\/wp\/v2\/users\/2"}],"replies":[{"embeddable":true,"href":"https:\/\/bergmuehle-flensburg.com\/index.php?rest_route=%2Fwp%2Fv2%2Fcomments&post=504"}],"version-history":[{"count":10,"href":"https:\/\/bergmuehle-flensburg.com\/index.php?rest_route=\/wp\/v2\/pages\/504\/revisions"}],"predecessor-version":[{"id":1325,"href":"https:\/\/bergmuehle-flensburg.com\/index.php?rest_route=\/wp\/v2\/pages\/504\/revisions\/1325"}],"wp:attachment":[{"href":"https:\/\/bergmuehle-flensburg.com\/index.php?rest_route=%2Fwp%2Fv2%2Fmedia&parent=504"}],"curies":[{"name":"wp","href":"https:\/\/api.w.org\/{rel}","templated":true}]}}